{"id":2354,"date":"2024-11-18T10:53:36","date_gmt":"2024-11-18T09:53:36","guid":{"rendered":"https:\/\/mkjob.pl\/o-nas\/"},"modified":"2024-12-06T11:53:56","modified_gmt":"2024-12-06T10:53:56","slug":"ueber-uns","status":"publish","type":"page","link":"https:\/\/mkjob.pl\/de\/ueber-uns\/","title":{"rendered":"\u00dcber uns"},"content":{"rendered":"","protected":false},"excerpt":{"rendered":"","protected":false},"author":2,"featured_media":0,"parent":0,"menu_order":0,"comment_status":"closed","ping_status":"closed","template":"","meta":{"_acf_changed":false,"footnotes":""},"class_list":["post-2354","page","type-page","status-publish","hentry"],"acf":[],"yoast_head":"<!-- This site is optimized with the Yoast SEO plugin v27.3 - https:\/\/yoast.com\/product\/yoast-seo-wordpress\/ -->\n<title>\u00dcber uns - MK Job<\/title>\n<meta name=\"description\" content=\"MK Job ist eine dynamisch wachsende Marke auf dem internationalen Markt f\u00fcr Rekrutierungsdienstleistungen. Wir haben vor \u00fcber 7 Jahren.\" \/>\n<meta name=\"robots\" content=\"index, follow, max-snippet:-1, max-image-preview:large, max-video-preview:-1\" \/>\n<link rel=\"canonical\" href=\"https:\/\/mkjob.pl\/de\/ueber-uns\/\" \/>\n<meta property=\"og:locale\" content=\"de_DE\" \/>\n<meta property=\"og:type\" content=\"article\" \/>\n<meta property=\"og:title\" content=\"\u00dcber uns - MK Job\" \/>\n<meta property=\"og:description\" content=\"MK Job ist eine dynamisch wachsende Marke auf dem internationalen Markt f\u00fcr Rekrutierungsdienstleistungen. Wir haben vor \u00fcber 7 Jahren.\" \/>\n<meta property=\"og:url\" content=\"https:\/\/mkjob.pl\/de\/ueber-uns\/\" \/>\n<meta property=\"og:site_name\" content=\"MK Job\" \/>\n<meta property=\"article:publisher\" content=\"https:\/\/www.facebook.com\/MK.JOB.PRACA\/\" \/>\n<meta property=\"article:modified_time\" content=\"2024-12-06T10:53:56+00:00\" \/>\n<meta property=\"og:image\" content=\"https:\/\/mkjob.pl\/wp-content\/uploads\/2024\/11\/mk-job-social.jpg\" \/>\n\t<meta property=\"og:image:width\" content=\"1200\" \/>\n\t<meta property=\"og:image:height\" content=\"628\" \/>\n\t<meta property=\"og:image:type\" content=\"image\/jpeg\" \/>\n<meta name=\"twitter:card\" content=\"summary_large_image\" \/>\n<script type=\"application\/ld+json\" class=\"yoast-schema-graph\">{\"@context\":\"https:\\\/\\\/schema.org\",\"@graph\":[{\"@type\":\"WebPage\",\"@id\":\"https:\\\/\\\/mkjob.pl\\\/de\\\/ueber-uns\\\/\",\"url\":\"https:\\\/\\\/mkjob.pl\\\/de\\\/ueber-uns\\\/\",\"name\":\"\u00dcber uns - MK Job\",\"isPartOf\":{\"@id\":\"https:\\\/\\\/mkjob.pl\\\/de\\\/#website\"},\"datePublished\":\"2024-11-18T09:53:36+00:00\",\"dateModified\":\"2024-12-06T10:53:56+00:00\",\"description\":\"MK Job ist eine dynamisch wachsende Marke auf dem internationalen Markt f\u00fcr Rekrutierungsdienstleistungen. Wir haben vor \u00fcber 7 Jahren.\",\"breadcrumb\":{\"@id\":\"https:\\\/\\\/mkjob.pl\\\/de\\\/ueber-uns\\\/#breadcrumb\"},\"inLanguage\":\"de\",\"potentialAction\":[{\"@type\":\"ReadAction\",\"target\":[\"https:\\\/\\\/mkjob.pl\\\/de\\\/ueber-uns\\\/\"]}]},{\"@type\":\"BreadcrumbList\",\"@id\":\"https:\\\/\\\/mkjob.pl\\\/de\\\/ueber-uns\\\/#breadcrumb\",\"itemListElement\":[{\"@type\":\"ListItem\",\"position\":1,\"name\":\"Strona g\u0142\u00f3wna\",\"item\":\"https:\\\/\\\/mkjob.pl\\\/de\\\/\"},{\"@type\":\"ListItem\",\"position\":2,\"name\":\"\u00dcber uns\"}]},{\"@type\":\"WebSite\",\"@id\":\"https:\\\/\\\/mkjob.pl\\\/de\\\/#website\",\"url\":\"https:\\\/\\\/mkjob.pl\\\/de\\\/\",\"name\":\"MK Job\",\"description\":\"Wise Career Partner.\",\"publisher\":{\"@id\":\"https:\\\/\\\/mkjob.pl\\\/de\\\/#organization\"},\"potentialAction\":[{\"@type\":\"SearchAction\",\"target\":{\"@type\":\"EntryPoint\",\"urlTemplate\":\"https:\\\/\\\/mkjob.pl\\\/de\\\/?s={search_term_string}\"},\"query-input\":{\"@type\":\"PropertyValueSpecification\",\"valueRequired\":true,\"valueName\":\"search_term_string\"}}],\"inLanguage\":\"de\"},{\"@type\":\"Organization\",\"@id\":\"https:\\\/\\\/mkjob.pl\\\/de\\\/#organization\",\"name\":\"MK Job sp. z o.o.\",\"url\":\"https:\\\/\\\/mkjob.pl\\\/de\\\/\",\"logo\":{\"@type\":\"ImageObject\",\"inLanguage\":\"de\",\"@id\":\"https:\\\/\\\/mkjob.pl\\\/de\\\/#\\\/schema\\\/logo\\\/image\\\/\",\"url\":\"https:\\\/\\\/mkjob.pl\\\/wp-content\\\/uploads\\\/2024\\\/11\\\/mk-job-favicon.jpg\",\"contentUrl\":\"https:\\\/\\\/mkjob.pl\\\/wp-content\\\/uploads\\\/2024\\\/11\\\/mk-job-favicon.jpg\",\"width\":512,\"height\":512,\"caption\":\"MK Job sp. z o.o.\"},\"image\":{\"@id\":\"https:\\\/\\\/mkjob.pl\\\/de\\\/#\\\/schema\\\/logo\\\/image\\\/\"},\"sameAs\":[\"https:\\\/\\\/www.facebook.com\\\/MK.JOB.PRACA\\\/\",\"https:\\\/\\\/www.linkedin.com\\\/company\\\/mkjob\\\/\",\"https:\\\/\\\/www.instagram.com\\\/mkjob_wise_carrer_partner\\\/\"]}]}<\/script>\n<!-- \/ Yoast SEO plugin. -->","yoast_head_json":{"title":"\u00dcber uns - MK Job","description":"MK Job ist eine dynamisch wachsende Marke auf dem internationalen Markt f\u00fcr Rekrutierungsdienstleistungen. Wir haben vor \u00fcber 7 Jahren.","robots":{"index":"index","follow":"follow","max-snippet":"max-snippet:-1","max-image-preview":"max-image-preview:large","max-video-preview":"max-video-preview:-1"},"canonical":"https:\/\/mkjob.pl\/de\/ueber-uns\/","og_locale":"de_DE","og_type":"article","og_title":"\u00dcber uns - MK Job","og_description":"MK Job ist eine dynamisch wachsende Marke auf dem internationalen Markt f\u00fcr Rekrutierungsdienstleistungen. Wir haben vor \u00fcber 7 Jahren.","og_url":"https:\/\/mkjob.pl\/de\/ueber-uns\/","og_site_name":"MK Job","article_publisher":"https:\/\/www.facebook.com\/MK.JOB.PRACA\/","article_modified_time":"2024-12-06T10:53:56+00:00","og_image":[{"width":1200,"height":628,"url":"https:\/\/mkjob.pl\/wp-content\/uploads\/2024\/11\/mk-job-social.jpg","type":"image\/jpeg"}],"twitter_card":"summary_large_image","schema":{"@context":"https:\/\/schema.org","@graph":[{"@type":"WebPage","@id":"https:\/\/mkjob.pl\/de\/ueber-uns\/","url":"https:\/\/mkjob.pl\/de\/ueber-uns\/","name":"\u00dcber uns - MK Job","isPartOf":{"@id":"https:\/\/mkjob.pl\/de\/#website"},"datePublished":"2024-11-18T09:53:36+00:00","dateModified":"2024-12-06T10:53:56+00:00","description":"MK Job ist eine dynamisch wachsende Marke auf dem internationalen Markt f\u00fcr Rekrutierungsdienstleistungen. Wir haben vor \u00fcber 7 Jahren.","breadcrumb":{"@id":"https:\/\/mkjob.pl\/de\/ueber-uns\/#breadcrumb"},"inLanguage":"de","potentialAction":[{"@type":"ReadAction","target":["https:\/\/mkjob.pl\/de\/ueber-uns\/"]}]},{"@type":"BreadcrumbList","@id":"https:\/\/mkjob.pl\/de\/ueber-uns\/#breadcrumb","itemListElement":[{"@type":"ListItem","position":1,"name":"Strona g\u0142\u00f3wna","item":"https:\/\/mkjob.pl\/de\/"},{"@type":"ListItem","position":2,"name":"\u00dcber uns"}]},{"@type":"WebSite","@id":"https:\/\/mkjob.pl\/de\/#website","url":"https:\/\/mkjob.pl\/de\/","name":"MK Job","description":"Wise Career Partner.","publisher":{"@id":"https:\/\/mkjob.pl\/de\/#organization"},"potentialAction":[{"@type":"SearchAction","target":{"@type":"EntryPoint","urlTemplate":"https:\/\/mkjob.pl\/de\/?s={search_term_string}"},"query-input":{"@type":"PropertyValueSpecification","valueRequired":true,"valueName":"search_term_string"}}],"inLanguage":"de"},{"@type":"Organization","@id":"https:\/\/mkjob.pl\/de\/#organization","name":"MK Job sp. z o.o.","url":"https:\/\/mkjob.pl\/de\/","logo":{"@type":"ImageObject","inLanguage":"de","@id":"https:\/\/mkjob.pl\/de\/#\/schema\/logo\/image\/","url":"https:\/\/mkjob.pl\/wp-content\/uploads\/2024\/11\/mk-job-favicon.jpg","contentUrl":"https:\/\/mkjob.pl\/wp-content\/uploads\/2024\/11\/mk-job-favicon.jpg","width":512,"height":512,"caption":"MK Job sp. z o.o."},"image":{"@id":"https:\/\/mkjob.pl\/de\/#\/schema\/logo\/image\/"},"sameAs":["https:\/\/www.facebook.com\/MK.JOB.PRACA\/","https:\/\/www.linkedin.com\/company\/mkjob\/","https:\/\/www.instagram.com\/mkjob_wise_carrer_partner\/"]}]}},"_links":{"self":[{"href":"https:\/\/mkjob.pl\/de\/wp-json\/wp\/v2\/pages\/2354","targetHints":{"allow":["GET"]}}],"collection":[{"href":"https:\/\/mkjob.pl\/de\/wp-json\/wp\/v2\/pages"}],"about":[{"href":"https:\/\/mkjob.pl\/de\/wp-json\/wp\/v2\/types\/page"}],"author":[{"embeddable":true,"href":"https:\/\/mkjob.pl\/de\/wp-json\/wp\/v2\/users\/2"}],"replies":[{"embeddable":true,"href":"https:\/\/mkjob.pl\/de\/wp-json\/wp\/v2\/comments?post=2354"}],"version-history":[{"count":1,"href":"https:\/\/mkjob.pl\/de\/wp-json\/wp\/v2\/pages\/2354\/revisions"}],"predecessor-version":[{"id":2766,"href":"https:\/\/mkjob.pl\/de\/wp-json\/wp\/v2\/pages\/2354\/revisions\/2766"}],"wp:attachment":[{"href":"https:\/\/mkjob.pl\/de\/wp-json\/wp\/v2\/media?parent=2354"}],"curies":[{"name":"wp","href":"https:\/\/api.w.org\/{rel}","templated":true}]}}